{"id":105,"date":"2026-03-15T16:41:37","date_gmt":"2026-03-15T15:41:37","guid":{"rendered":"http:\/\/racks.stpg.pl\/?post_type=product&#038;p=105"},"modified":"2026-04-15T20:27:01","modified_gmt":"2026-04-15T18:27:01","slug":"wozek-typ-l-podwyzszany","status":"publish","type":"product","link":"https:\/\/racks.stpg.pl\/?product=wozek-typ-l-podwyzszany","title":{"rendered":"W\u00f3zek typ L podwy\u017cszany"},"content":{"rendered":"<h3>Przeznaczenie:<\/h3>\n<p>W\u00f3zek transportowy typu L<\/p>\n<p>W\u00f3zek do transportu lub sk\u0142adowania okien, szyb, drzwi, bram i p\u0142yt.<\/p>\n<p>&nbsp;<\/p>\n<p>WYKONUJEMY W\u00d3ZKI I STOJAKI W R\u00d3\u017bNYCH ROZMIARACH POD INDYWIDUALNE ZAM\u00d3WIENIE KLIENTA !!!<\/p>\n<p><button class=\"popmake-145\">Daarmowa wycena<\/button><\/p>\n","protected":false},"excerpt":{"rendered":"<p>W\u0142a\u015bciwo\u015bci produktu;<\/p>\n<ul>\n<li>certyfikowana stal<\/li>\n<li>metoda spawania MAG 135<\/li>\n<li>mo\u017cliwo\u015b\u0107 wspawania uchwyt\u00f3w do w\u00f3zka wid\u0142owego i d\u017awig\u00f3w HDS<\/li>\n<li>stojak zawiera dodatkowe wsporniki tylnej ramy co wp\u0142ywa na podwy\u017cszenie no\u015bno\u015bci i wytrzyma\u0142o\u015bci stojaka<\/li>\n<li>wysokiej jako\u015bci guma, kt\u00f3ra nie zmienia swojej struktury pod wp\u0142ywem ciep\u0142a lub zimna (jak guma EPDM, kt\u00f3ra traci swoje w\u0142a\u015bciwo\u015bci przy zmianie temperatury otoczenia)<\/li>\n<li>farba podk\u0142adowa antykorozyjna<\/li>\n<li>sztyca zabezpieczaj\u0105ca ( ilo\u015b\u0107 w zale\u017cno\u015bci od potrzeb klienta)<\/li>\n<li>dowolny kolor z palety RAL lub ocynk<\/li>\n<li>podw\u00f3jna warstwa farby<\/li>\n<li>K\u00f3\u0142ka skr\u0119tne ,sta\u0142e lub skr\u0119tne z hamulcem<\/li>\n<li>K\u00f3\u0142ka poliamidowe<\/li>\n<li>wyr\u00f3b POLSKI<\/li>\n<\/ul>\n<p><button class=\"popmake-145\">Darmowa wycena<\/button><\/p>\n<table>\n<thead>\n<tr>\n<th>Szeroko\u015b\u0107:<\/th>\n<th>Wysoko\u015b\u0107:<\/th>\n<th>D\u0142ugo\u015b\u0107<\/th>\n<\/tr>\n<\/thead>\n<tbody>\n<tr>\n<td>80 cm<\/td>\n<td>180 cm<\/td>\n<td>120 cm<\/td>\n<\/tr>\n<\/tbody>\n<\/table>\n","protected":false},"featured_media":106,"template":"","meta":{"site-sidebar-layout":"default","site-content-layout":"","ast-site-content-layout":"default","site-content-style":"default","site-sidebar-style":"default","ast-global-header-display":"","ast-banner-title-visibility":"","ast-main-header-display":"","ast-hfb-above-header-display":"","ast-hfb-below-header-display":"","ast-hfb-mobile-header-display":"","site-post-title":"","ast-breadcrumbs-content":"","ast-featured-img":"","footer-sml-layout":"","ast-disable-related-posts":"","theme-transparent-header-meta":"default","adv-header-id-meta":"","stick-header-meta":"","header-above-stick-meta":"","header-main-stick-meta":"","header-below-stick-meta":"","astra-migrate-meta-layouts":"set","ast-page-background-enabled":"default","ast-page-background-meta":{"desktop":{"background-color":"var(--ast-global-color-5)","background-image":"","background-repeat":"repeat","background-position":"center center","background-size":"auto","background-attachment":"scroll","background-type":"","background-media":"","overlay-type":"","overlay-color":"","overlay-opacity":"","overlay-gradient":""},"tablet":{"background-color":"","background-image":"","background-repeat":"repeat","background-position":"center center","background-size":"auto","background-attachment":"scroll","background-type":"","background-media":"","overlay-type":"","overlay-color":"","overlay-opacity":"","overlay-gradient":""},"mobile":{"background-color":"","background-image":"","background-repeat":"repeat","background-position":"center center","background-size":"auto","background-attachment":"scroll","background-type":"","background-media":"","overlay-type":"","overlay-color":"","overlay-opacity":"","overlay-gradient":""}},"ast-content-background-meta":{"desktop":{"background-color":"var(--ast-global-color-4)","background-image":"","background-repeat":"repeat","background-position":"center center","background-size":"auto","background-attachment":"scroll","background-type":"","background-media":"","overlay-type":"","overlay-color":"","overlay-opacity":"","overlay-gradient":""},"tablet":{"background-color":"var(--ast-global-color-4)","background-image":"","background-repeat":"repeat","background-position":"center center","background-size":"auto","background-attachment":"scroll","background-type":"","background-media":"","overlay-type":"","overlay-color":"","overlay-opacity":"","overlay-gradient":""},"mobile":{"background-color":"var(--ast-global-color-4)","background-image":"","background-repeat":"repeat","background-position":"center center","background-size":"auto","background-attachment":"scroll","background-type":"","background-media":"","overlay-type":"","overlay-color":"","overlay-opacity":"","overlay-gradient":""}}},"product_brand":[],"product_cat":[19],"product_tag":[],"class_list":{"0":"post-105","1":"product","2":"type-product","3":"status-publish","4":"has-post-thumbnail","6":"product_cat-wozki","7":"desktop-align-center","8":"tablet-align-left","9":"mobile-align-left","11":"first","12":"instock","13":"shipping-taxable","14":"product-type-simple"},"_links":{"self":[{"href":"https:\/\/racks.stpg.pl\/index.php?rest_route=\/wp\/v2\/product\/105","targetHints":{"allow":["GET"]}}],"collection":[{"href":"https:\/\/racks.stpg.pl\/index.php?rest_route=\/wp\/v2\/product"}],"about":[{"href":"https:\/\/racks.stpg.pl\/index.php?rest_route=\/wp\/v2\/types\/product"}],"wp:featuredmedia":[{"embeddable":true,"href":"https:\/\/racks.stpg.pl\/index.php?rest_route=\/wp\/v2\/media\/106"}],"wp:attachment":[{"href":"https:\/\/racks.stpg.pl\/index.php?rest_route=%2Fwp%2Fv2%2Fmedia&parent=105"}],"wp:term":[{"taxonomy":"product_brand","embeddable":true,"href":"https:\/\/racks.stpg.pl\/index.php?rest_route=%2Fwp%2Fv2%2Fproduct_brand&post=105"},{"taxonomy":"product_cat","embeddable":true,"href":"https:\/\/racks.stpg.pl\/index.php?rest_route=%2Fwp%2Fv2%2Fproduct_cat&post=105"},{"taxonomy":"product_tag","embeddable":true,"href":"https:\/\/racks.stpg.pl\/index.php?rest_route=%2Fwp%2Fv2%2Fproduct_tag&post=105"}],"curies":[{"name":"wp","href":"https:\/\/api.w.org\/{rel}","templated":true}]}}